{"id":425,"date":"2024-09-02T19:33:22","date_gmt":"2024-09-02T18:33:22","guid":{"rendered":"https:\/\/base.thebluegrow.com\/?page_id=425"},"modified":"2026-01-19T09:56:15","modified_gmt":"2026-01-19T09:56:15","slug":"politica-de-cookies","status":"publish","type":"page","link":"https:\/\/despachopuga.es\/es\/politica-de-cookies\/","title":{"rendered":"Pol\u00edtica de cookies"},"content":{"rendered":"<h2 class=\"wp-block-heading\">Pol\u00edtica de cookies<\/h2>\n\n\n\n<h4 class=\"wp-block-heading\">https:\/\/despachopuga.es\/<\/h4>\n\n\n\n<p>El acceso a este sitio web puede implicar el uso de cookies. Las cookies son peque\u00f1as cantidades de informaci\u00f3n almacenadas en el navegador utilizado por cada usuario, en los distintos dispositivos que puedan utilizar para navegar, de modo que el servidor pueda recordar cierta informaci\u00f3n que posteriormente solo ser\u00e1 le\u00edda por el servidor que la implement\u00f3. Las cookies facilitan la navegaci\u00f3n, la hacen m\u00e1s f\u00e1cil de usar y no da\u00f1an el dispositivo de navegaci\u00f3n.<\/p>\n\n\n\n<p>Las cookies son procedimientos autom\u00e1ticos de recogida de informaci\u00f3n sobre las preferencias seleccionadas por el Usuario durante su visita al Sitio Web, con el objetivo de reconocerlo como Usuario, personalizar su experiencia y uso del Sitio Web, y tambi\u00e9n pueden, por ejemplo, ayudar a identificar y resolver errores.<\/p>\n\n\n\n<p>La informaci\u00f3n recopilada a trav\u00e9s de las cookies puede incluir la fecha y hora de las visitas al sitio web, las p\u00e1ginas visitadas, el tiempo dedicado al sitio web y los sitios visitados justo antes y despu\u00e9s de este. Sin embargo, ninguna cookie permite vincular esta informaci\u00f3n al n\u00famero de tel\u00e9fono del usuario ni a ning\u00fan otro medio de contacto personal. Ninguna cookie puede extraer informaci\u00f3n del disco duro del usuario ni robar informaci\u00f3n personal. La \u00fanica forma de que la informaci\u00f3n privada del usuario pase a formar parte del archivo de cookies es que el usuario proporcione personalmente dicha informaci\u00f3n al servidor.<\/p>\n\n\n\n<p>Las cookies que permiten identificar a una persona se consideran datos personales. Por lo tanto, se les aplicar\u00e1 la Pol\u00edtica de privacidad descrita anteriormente. En este sentido, se requerir\u00e1 el consentimiento del usuario para su uso. Este consentimiento se comunicar\u00e1, bas\u00e1ndose en una elecci\u00f3n genuina, ofrecida a trav\u00e9s de una decisi\u00f3n afirmativa y positiva, antes del tratamiento inicial, revocable y documentada.<\/p>\n\n\n\n<h4 class=\"wp-block-heading\">Cookies propias<\/h4>\n\n\n\n<p>Son cookies que se env\u00edan al ordenador o dispositivo del usuario y son gestionadas exclusivamente por Despacho Puga para el \u00f3ptimo funcionamiento del sitio web. La informaci\u00f3n recogida se utiliza para mejorar la calidad del sitio web y su contenido, as\u00ed como su experiencia como usuario. Estas cookies permiten reconocer al usuario como visitante recurrente del sitio web y adaptar el contenido para ofrecerle material acorde con sus preferencias.<\/p>\n\n\n\n<h4 class=\"wp-block-heading\">Cookies de terceros<\/h4>\n\n\n\n<p>Son cookies utilizadas y gestionadas por terceros que prestan a Despacho Puga servicios solicitados por este para mejorar el sitio web y la experiencia de navegaci\u00f3n del usuario. Las principales finalidades para las que se utilizan las cookies de terceros son obtener estad\u00edsticas de acceso y analizar la informaci\u00f3n de navegaci\u00f3n, es decir, c\u00f3mo interact\u00faa el usuario con el sitio web.<\/p>\n\n\n\n<p>La informaci\u00f3n obtenida se refiere, por ejemplo, al n\u00famero de p\u00e1ginas visitadas, el idioma, la ubicaci\u00f3n de la direcci\u00f3n IP desde la que accede el usuario, el n\u00famero de usuarios que acceden, la frecuencia y recurrencia de las visitas, la hora de visita, el navegador que utilizan, el operador o el tipo de dispositivo desde el que se realiza la visita. Esta informaci\u00f3n se utiliza para mejorar el Sitio Web e identificar nuevas necesidades con el fin de ofrecer a los Usuarios Contenidos y\/o servicios de \u00f3ptima calidad. En cualquier caso, la informaci\u00f3n se recoge de forma an\u00f3nima y se elaboran informes de tendencias sobre el Sitio Web sin identificar a los usuarios individuales.<\/p>\n\n\n\n<p>Puede obtener m\u00e1s informaci\u00f3n sobre las cookies, la informaci\u00f3n de privacidad o ver la descripci\u00f3n de los tipos de cookies utilizadas, sus principales caracter\u00edsticas, plazos de caducidad, etc. en los siguientes enlaces:<\/p>\n\n\n\n<pre class=\"wp-block-preformatted\">Google Analytics<\/pre>\n\n\n\n<p>La entidad o entidades responsables del suministro de cookies pueden transmitir esta informaci\u00f3n a terceros, siempre que as\u00ed lo exija la ley o si un tercero procesa esta informaci\u00f3n en su nombre.<\/p>\n\n\n\n<h4 class=\"wp-block-heading\">Cookies de redes sociales<\/h4>\n\n\n\n<p>El despacho Puga Law Firm incorpora plugins de redes sociales, que permiten acceder a ellas desde el Sitio Web. Por este motivo, es posible que se almacenen cookies de redes sociales en el navegador del Usuario. Los propietarios de estas plataformas de redes sociales tienen sus propias pol\u00edticas de protecci\u00f3n de datos y cookies, y son ellos mismos, en cada caso, responsables de sus propios ficheros y pr\u00e1cticas de privacidad. El usuario debe consultar dichas pol\u00edticas para conocer estas cookies y, en su caso, el tratamiento de sus datos personales. A t\u00edtulo informativo, se facilitan los siguientes enlaces donde se pueden consultar estas pol\u00edticas de privacidad y\/o cookies:<\/p>\n\n\n\n<ul class=\"wp-block-list\">\n<li>Facebook: <a href=\"https:\/\/www.facebook.com\/policies\/cookies\/\" rel=\"nofollow noopener\" target=\"_blank\">https:\/\/www.facebook.com\/policies\/cookies\/<\/a><\/li>\n\n\n\n<li>Twitter: <a href=\"https:\/\/twitter.com\/es\/privacy\" rel=\"nofollow noopener\" target=\"_blank\">https:\/\/twitter.com\/es\/privacy<\/a><\/li>\n\n\n\n<li>Instagram: <a href=\"https:\/\/help.instagram.com\/1896641480634370?ref=ig\" rel=\"nofollow noopener\" target=\"_blank\">https:\/\/help.instagram.com\/1896641480634370?ref=ig<\/a><\/li>\n\n\n\n<li>YouTube: <a href=\"https:\/\/policies.google.com\/privacy?hl=es-419&amp;gl=mx\" rel=\"nofollow noopener\" target=\"_blank\">https:\/\/policies.google.com\/privacy?hl=es-419&amp;gl=mx<\/a><\/li>\n\n\n\n<li>Pinterest: <a href=\"https:\/\/policy.pinterest.com\/es\/privacy-policy\" rel=\"nofollow noopener\" target=\"_blank\">https:\/\/policy.pinterest.com\/es\/privacy-policy<\/a><\/li>\n\n\n\n<li>LinkedIn: <a href=\"https:\/\/www.linkedin.com\/legal\/cookie-policy?trk=hp-cookies\" rel=\"nofollow noopener\" target=\"_blank\">https:\/\/www.linkedin.com\/legal\/cookie-policy?trk=hp-cookies<\/a><\/li>\n<\/ul>\n\n\n\n<h4 class=\"wp-block-heading\">Desactivar, rechazar y eliminar cookies<\/h4>\n\n\n\n<p>El Usuario puede desactivar, rechazar y eliminar las cookies, total o parcialmente, instaladas en su dispositivo a trav\u00e9s de la configuraci\u00f3n de su navegador (por ejemplo, Chrome, Firefox, Safari, Explorer). En este sentido, los procedimientos para rechazar y eliminar las cookies pueden variar de un navegador web a otro. Por lo tanto, el usuario debe consultar las instrucciones proporcionadas por el navegador web que est\u00e9 utilizando. Si rechaza el uso de cookies, total o parcialmente, podr\u00e1 seguir utilizando el sitio web, aunque el uso de algunas de sus funciones puede verse limitado.<\/p>\n\n\n\n<p>Este documento sobre la pol\u00edtica de cookies ha sido creado utilizando el generador de <a href=\"https:\/\/textos-legales.edgartamarit.com\/\" rel=\"nofollow noopener\" target=\"_blank\">Plantilla gratuita de pol\u00edtica de cookies web<\/a> en l\u00ednea el 19\/01\/2026.<\/p>","protected":false},"excerpt":{"rendered":"<p>POL\u00cdTICA DE COOKIES https:\/\/despachopuga.es\/ El acceso a este Sitio Web puede implicar la utilizaci\u00f3n de cookies. Las cookies son peque\u00f1as cantidades de informaci\u00f3n que se almacenan en el navegador utilizado por cada Usuario \u2014en los distintos dispositivos que pueda utilizar para navegar\u2014 para que el servidor recuerde cierta informaci\u00f3n que posteriormente y \u00fanicamente el servidor [&hellip;]<\/p>\n","protected":false},"author":2,"featured_media":0,"parent":0,"menu_order":0,"comment_status":"closed","ping_status":"closed","template":"","meta":{"footnotes":""},"class_list":["post-425","page","type-page","status-publish","hentry"],"_links":{"self":[{"href":"https:\/\/despachopuga.es\/es\/wp-json\/wp\/v2\/pages\/425","targetHints":{"allow":["GET"]}}],"collection":[{"href":"https:\/\/despachopuga.es\/es\/wp-json\/wp\/v2\/pages"}],"about":[{"href":"https:\/\/despachopuga.es\/es\/wp-json\/wp\/v2\/types\/page"}],"author":[{"embeddable":true,"href":"https:\/\/despachopuga.es\/es\/wp-json\/wp\/v2\/users\/2"}],"replies":[{"embeddable":true,"href":"https:\/\/despachopuga.es\/es\/wp-json\/wp\/v2\/comments?post=425"}],"version-history":[{"count":1,"href":"https:\/\/despachopuga.es\/es\/wp-json\/wp\/v2\/pages\/425\/revisions"}],"predecessor-version":[{"id":764,"href":"https:\/\/despachopuga.es\/es\/wp-json\/wp\/v2\/pages\/425\/revisions\/764"}],"wp:attachment":[{"href":"https:\/\/despachopuga.es\/es\/wp-json\/wp\/v2\/media?parent=425"}],"curies":[{"name":"wp","href":"https:\/\/api.w.org\/{rel}","templated":true}]}}