{"id":423,"date":"2024-09-02T19:33:05","date_gmt":"2024-09-02T18:33:05","guid":{"rendered":"https:\/\/base.thebluegrow.com\/?page_id=423"},"modified":"2026-01-19T09:53:08","modified_gmt":"2026-01-19T09:53:08","slug":"aviso-legal","status":"publish","type":"page","link":"https:\/\/despachopuga.es\/es\/aviso-legal\/","title":{"rendered":"Aviso legal"},"content":{"rendered":"<h2 class=\"wp-block-heading\">Aviso legal y condiciones generales de uso<\/h2>\n\n\n\n<h4 class=\"wp-block-heading\">https:\/\/despachopuga.es<\/h4>\n\n\n\n<h3 class=\"wp-block-heading\">I. INFORMACI\u00d3N GENERAL<\/h3>\n\n\n\n<p>En cumplimiento del deber de informaci\u00f3n establecido en la Ley 34\/2002, de 11 de julio, de Servicios de la Sociedad de la Informaci\u00f3n y de Comercio Electr\u00f3nico (LSSI-CE), a continuaci\u00f3n se proporciona la siguiente informaci\u00f3n general sobre este sitio web:<\/p>\n\n\n\n<p>La titularidad de este sitio web, https:\/\/despachopuga.es (en adelante, el Sitio Web), corresponde a ANTONIO PUGA RODR\u00cdGUEZ, con NIF 34946686A, y cuyos datos de contacto son:<\/p>\n\n\n\n<p>Direcci\u00f3n: Calle Emilia Pardo Baz\u00e1n, 11 \u2013 1.\u00aa planta, 32800 Celanova, Ourense, Espa\u00f1a<\/p>\n\n\n\n<p>Tel\u00e9fono de contacto: +34629377155<\/p>\n\n\n\n<p>Correo electr\u00f3nico de contacto: despachopuga@gmail.com<\/p>\n\n\n\n<h3 class=\"wp-block-heading\">II. T\u00c9RMINOS Y CONDICIONES GENERALES DE USO<\/h3>\n\n\n\n<h4 class=\"wp-block-heading\">El objeto de las condiciones: El sitio web<\/h4>\n\n\n\n<p>El objetivo de estas Condiciones Generales de Uso (en adelante, las \u00abCondiciones\u00bb) es regular el acceso y uso del Sitio Web. A los efectos de las presentes Condiciones Generales de Uso, se entender\u00e1 por Sitio Web: la apariencia externa de las interfaces de pantalla, tanto est\u00e1ticas como din\u00e1micas, es decir, el \u00e1rbol de navegaci\u00f3n; y todos los elementos integrados tanto en las interfaces de pantalla como en el \u00e1rbol de navegaci\u00f3n (en adelante, \u00abContenido\u00bb); y todos aquellos servicios o recursos online que, en su caso, se ofrezcan a los Usuarios (en adelante, \u00abServicios\u00bb).<\/p>\n\n\n\n<p>Despacho Puga se reserva el derecho a modificar, en cualquier momento y sin previo aviso, la presentaci\u00f3n y configuraci\u00f3n del Sitio Web y de los contenidos y servicios que puedan incorporarse al mismo. El Usuario reconoce y acepta que en cualquier momento Despacho Puga podr\u00e1 interrumpir, desactivar y\/o cancelar cualquiera de estos elementos que formen parte del Sitio Web o el acceso a los mismos.<\/p>\n\n\n\n<p>El acceso al Sitio Web por parte del Usuario es gratuito y, como norma general, sin coste alguno, sin que el Usuario tenga que abonar ninguna cuota para disfrutar del mismo, salvo el coste de la conexi\u00f3n a trav\u00e9s de la red de telecomunicaciones que le proporcione el proveedor de acceso contratado por el Usuario.<\/p>\n\n\n\n<p>Aparte del coste de la conexi\u00f3n a trav\u00e9s de la red de telecomunicaciones suministrada por el proveedor de acceso, y que el Usuario haya contratado, algunos de los Contenidos o Servicios ofrecidos por Despacho Puga o, en su caso, terceros a trav\u00e9s del Sitio Web pueden requerir la previa suscripci\u00f3n a dicho Contenido o Servicio, en cuyo caso las Condiciones Generales o Particulares que los regulen se especificar\u00e1n y\/o pondr\u00e1n a disposici\u00f3n del Usuario de forma clara y destacada.<\/p>\n\n\n\n<p>El uso de algunos contenidos o servicios del sitio web puede requerir que el usuario se suscriba o se registre previamente.<\/p>\n\n\n\n<p>El uso del Contenido no requiere ninguna suscripci\u00f3n o registro previo.<\/p>\n\n\n\n<h4 class=\"wp-block-heading\">El usuario<\/h4>\n\n\n\n<p>El acceso, navegaci\u00f3n y uso del Sitio Web, as\u00ed como de los espacios habilitados para la interacci\u00f3n entre los Usuarios, y entre el Usuario y Despacho Puga, tales como comentarios y\/o espacios de blogs, confiere la condici\u00f3n de Usuario, por lo que se aceptan todas las Condiciones aqu\u00ed establecidas, as\u00ed como cualquier modificaci\u00f3n posterior, desde el momento en que se inicia la navegaci\u00f3n por el Sitio Web, sin perjuicio de la aplicaci\u00f3n de las disposiciones legales imperativas pertinentes que sean de aplicaci\u00f3n. Dada la importancia de lo anterior, se recomienda al Usuario que las lea cada vez que visite el Sitio Web.<\/p>\n\n\n\n<p>El sitio web de Despacho Puga ofrece una amplia variedad de informaci\u00f3n, servicios y datos. El usuario asume la responsabilidad de hacer un uso adecuado del sitio web. Esta responsabilidad se extiende a:<\/p>\n\n\n\n<ul class=\"wp-block-list\">\n<li>Utilizar la informaci\u00f3n, contenidos y\/o servicios y datos facilitados por Despacho Puga de forma que no contravenga las presentes Condiciones, la ley, la moral y el orden p\u00fablico, o que de cualquier otra forma pueda infringir los derechos de terceros o el correcto funcionamiento del sitio web.<\/li>\n\n\n\n<li>La veracidad y licitud de la informaci\u00f3n facilitada por el Usuario en los formularios emitidos por Despacho Puga para el acceso a determinados Contenidos o Servicios ofrecidos por el Sitio Web. En cualquier caso, el Usuario deber\u00e1 notificar inmediatamente a Despacho Puga cualquier hecho que permita el uso indebido de la informaci\u00f3n registrada en dichos formularios, como, por ejemplo, el robo, la p\u00e9rdida o el acceso no autorizado a identificadores y\/o contrase\u00f1as, con el fin de proceder a su inmediata cancelaci\u00f3n.<\/li>\n<\/ul>\n\n\n\n<p>Despacho Puga se reserva el derecho de eliminar cualquier comentario o contribuci\u00f3n que infrinja la ley, atente contra la dignidad de la persona, sea discriminatorio, xen\u00f3fobo, racista, pornogr\u00e1fico, constituya spam, o que sea perjudicial para la juventud o la infancia, el orden p\u00fablico o la seguridad p\u00fablica, o que, en su opini\u00f3n, no sea adecuado para su publicaci\u00f3n.<\/p>\n\n\n\n<p>En cualquier caso, Despacho Puga no se hace responsable de las opiniones expresadas por los Usuarios a trav\u00e9s de comentarios u otras herramientas de blog o participaci\u00f3n que puedan estar disponibles.<\/p>\n\n\n\n<p>El mero acceso a este sitio web no implica el establecimiento de ninguna relaci\u00f3n comercial entre Despacho Puga y el usuario.<\/p>\n\n\n\n<p>El Usuario declara ser mayor de edad y tener la capacidad legal necesaria para quedar vinculado por estas Condiciones. Por lo tanto, este sitio web de Despacho Puga no est\u00e1 dirigido a menores de edad. Despacho Puga no se hace responsable del incumplimiento de este requisito.<\/p>\n\n\n\n<p>Siempre en cumplimiento de la legislaci\u00f3n vigente, el sitio web de Despacho Puga est\u00e1 dirigido a todas las personas, independientemente de su edad, que puedan acceder y\/o navegar por sus p\u00e1ginas.<\/p>\n\n\n\n<p>El sitio web est\u00e1 dirigido principalmente a usuarios residentes en Espa\u00f1a. Despacho Puga no garantiza que el sitio web cumpla con las leyes de otros pa\u00edses, ya sea en su totalidad o en parte. Si el usuario reside o est\u00e1 domiciliado en otro lugar y decide acceder y\/o navegar por el sitio web, lo hace bajo su propia responsabilidad y debe asegurarse de que dicho acceso y navegaci\u00f3n cumplan con la legislaci\u00f3n local que le sea aplicable, sin que Despacho Puga acepte responsabilidad alguna que pudiera derivarse de dicho acceso.<\/p>\n\n\n\n<h3 class=\"wp-block-heading\">III. ACCESO Y NAVEGACI\u00d3N EN EL SITIO WEB: EXCLUSI\u00d3N DE GARANT\u00cdAS Y RESPONSABILIDAD<\/h3>\n\n\n\n<p>Despacho Puga no garantiza la continuidad, disponibilidad o utilidad del sitio web, ni de los contenidos o servicios. Despacho Puga har\u00e1 todo lo posible para garantizar el correcto funcionamiento del sitio web; sin embargo, no asume ninguna responsabilidad y no garantiza que el acceso a este sitio web sea ininterrumpido o est\u00e9 libre de errores.<\/p>\n\n\n\n<p>Tampoco acepta responsabilidad alguna ni ofrece garant\u00eda alguna de que el contenido o el software accesible a trav\u00e9s de este sitio web est\u00e9 libre de errores o no cause da\u00f1os al sistema inform\u00e1tico del usuario (software y hardware). En ning\u00fan caso Despacho Puga ser\u00e1 responsable de las p\u00e9rdidas, da\u00f1os o perjuicios de cualquier naturaleza derivados del acceso, navegaci\u00f3n y uso del sitio web, incluidos, entre otros, los causados a los sistemas inform\u00e1ticos o los resultantes de la introducci\u00f3n de virus.<\/p>\n\n\n\n<p>Despacho Puga tampoco se hace responsable de los da\u00f1os que puedan sufrir los usuarios como consecuencia del uso indebido de este sitio web. En particular, no se hace responsable en modo alguno de las interrupciones, fallos o defectos en las telecomunicaciones que puedan producirse.<\/p>\n\n\n\n<h3 class=\"wp-block-heading\">IV. POL\u00cdTICA DE ENLACES<\/h3>\n\n\n\n<p>Se informa que el sitio web Despacho Puga proporciona o puede proporcionar a los usuarios medios de enlace (como, entre otros, enlaces, banners, botones), directorios y motores de b\u00fasqueda que permiten a los usuarios acceder a sitios web propiedad y\/o gestionados por terceros.<\/p>\n\n\n\n<p>La inclusi\u00f3n de estos enlaces, directorios y motores de b\u00fasqueda en el Sitio Web tiene como finalidad facilitar a los Usuarios la b\u00fasqueda y el acceso a la informaci\u00f3n disponible en Internet, y no debe interpretarse como una sugerencia, recomendaci\u00f3n o invitaci\u00f3n a visitarlos.<\/p>\n\n\n\n<p>Despacho Puga no ofrece ni comercializa, ya sea por cuenta propia o a trav\u00e9s de terceros, los productos y\/o servicios disponibles en dichos sitios enlazados.<\/p>\n\n\n\n<p>Despacho Puga ofrece contenido patrocinado, anuncios y\/o enlaces de afiliados. La informaci\u00f3n que aparece en estos enlaces de afiliados o en los anuncios insertados es proporcionada por los propios anunciantes, por lo que Despacho Puga no se hace responsable de las posibles inexactitudes o errores que puedan contener los anuncios, ni garantiza en modo alguno la experiencia, integridad o responsabilidad de los anunciantes ni la calidad de sus productos y\/o servicios.<\/p>\n\n\n\n<p>Asimismo, no garantizar\u00e1 la disponibilidad t\u00e9cnica, exactitud, veracidad, validez o legalidad de los sitios que no sean de su propiedad y a los que pueda proporcionar enlaces.<\/p>\n\n\n\n<p>Despacho Puga no revisar\u00e1 ni controlar\u00e1 en ning\u00fan caso el contenido de otros sitios web, ni aprueba, examina o adopta los productos y servicios, contenidos, archivos y cualquier otro material disponible en los sitios enlazados.<\/p>\n\n\n\n<p>Despacho Puga no se hace responsable de los da\u00f1os y perjuicios que puedan derivarse del acceso, uso, calidad o legalidad de los contenidos, comunicaciones, opiniones, productos y servicios de sitios web no gestionados por Despacho Puga y enlazados en este sitio web.<\/p>\n\n\n\n<p>El usuario o tercero que cree un hiperv\u00ednculo desde otro sitio web al sitio web de Despacho Puga debe saber que:<\/p>\n\n\n\n<p>Queda prohibida la reproducci\u00f3n, total o parcial, de cualquier contenido y\/o servicio del sitio web sin la autorizaci\u00f3n expresa de Despacho Puga.<\/p>\n\n\n\n<p>No se permiten declaraciones falsas, inexactas o incorrectas sobre el sitio web de Despacho Puga, ni sobre sus contenidos y\/o servicios.<\/p>\n\n\n\n<p>Con excepci\u00f3n del hiperv\u00ednculo, el sitio web en el que se establezca dicho hiperv\u00ednculo no podr\u00e1 contener ning\u00fan elemento de este sitio web protegido como propiedad intelectual seg\u00fan la legislaci\u00f3n espa\u00f1ola, salvo autorizaci\u00f3n expresa de Despacho Puga.<\/p>\n\n\n\n<p>El establecimiento de un hiperv\u00ednculo no implicar\u00e1 la existencia de relaci\u00f3n alguna entre Despacho Puga y el titular del sitio web desde el que se realice, ni el conocimiento y aprobaci\u00f3n por parte de Despacho Puga de los contenidos, servicios y\/o actividades ofrecidos en dicho sitio web, y viceversa.<\/p>\n\n\n\n<h3 class=\"wp-block-heading\">V. Propiedad intelectual e industrial<\/h3>\n\n\n\n<p>El despacho Puga Law Firm, por s\u00ed mismo o como cesionario, es titular de todos los derechos de propiedad intelectual e industrial del sitio web, as\u00ed como de los elementos contenidos en el mismo (a t\u00edtulo enunciativo y no limitativo: im\u00e1genes, sonido, audio, v\u00eddeo, software o textos, marcas o logotipos, combinaciones de colores, estructura y dise\u00f1o, selecci\u00f3n de materiales utilizados, programas inform\u00e1ticos necesarios para su funcionamiento, acceso y uso, etc.). Por consiguiente, estar\u00e1n protegidos como propiedad intelectual seg\u00fan la legislaci\u00f3n espa\u00f1ola, a la que se aplican las normativas espa\u00f1olas y comunitarias en este \u00e1mbito, as\u00ed como los tratados internacionales suscritos por Espa\u00f1a en la materia.<\/p>\n\n\n\n<p>Todos los derechos reservados. De conformidad con lo dispuesto en la Ley de Propiedad Intelectual, queda expresamente prohibida la reproducci\u00f3n, distribuci\u00f3n y comunicaci\u00f3n p\u00fablica, incluida su puesta a disposici\u00f3n, de la totalidad o parte de los contenidos de este sitio web con fines comerciales, en cualquier soporte y por cualquier medio t\u00e9cnico, sin la autorizaci\u00f3n de Despacho Puga.<\/p>\n\n\n\n<p>El Usuario se compromete a respetar los derechos de propiedad intelectual e industrial de Despacho Puga. Podr\u00e1 visualizar los elementos del Sitio Web e incluso imprimirlos, copiarlos y almacenarlos en el disco duro de su ordenador o en cualquier otro soporte f\u00edsico, siempre que sea para uso exclusivamente personal. No obstante, el Usuario no podr\u00e1 suprimir, alterar o manipular ning\u00fan dispositivo de protecci\u00f3n o sistema de seguridad instalado en el Sitio Web.<\/p>\n\n\n\n<p>Si el Usuario o cualquier tercero considera que alguno de los Contenidos del Sitio Web constituye una infracci\u00f3n de los derechos de propiedad intelectual, deber\u00e1 notificarlo inmediatamente a Despacho Puga utilizando los datos de contacto que figuran en el apartado INFORMACI\u00d3N GENERAL del presente Aviso Legal y Condiciones Generales de Uso.<\/p>\n\n\n\n<h3 class=\"wp-block-heading\">VI. ACCIONES LEGALES, LEGISLACI\u00d3N APLICABLE Y JURISDICCI\u00d3N<\/h3>\n\n\n\n<p>Despacho Puga se reserva el derecho de iniciar cualquier procedimiento civil o penal que considere necesario por el uso indebido del Sitio web y su Contenido, o por el incumplimiento de estas Condiciones.<\/p>\n\n\n\n<p>La relaci\u00f3n entre el Usuario y Despacho Puga se regir\u00e1 por la legislaci\u00f3n vigente y aplicable en el territorio de Espa\u00f1a. En caso de surgir cualquier controversia en relaci\u00f3n con la interpretaci\u00f3n y\/o aplicaci\u00f3n de las presentes Condiciones, las partes someter\u00e1n sus controversias a los tribunales ordinarios, someti\u00e9ndose a los jueces y tribunales que correspondan de conformidad con la ley.<\/p>\n\n\n\n<p>Este Aviso Legal y las Condiciones Generales de Uso del sitio web han sido creados utilizando el generador de <a href=\"https:\/\/textos-legales.edgartamarit.com\/\" rel=\"nofollow noopener\" target=\"_blank\">Plantilla de aviso legal y condiciones de uso<\/a> en l\u00ednea el 19\/01\/2026.<\/p>","protected":false},"excerpt":{"rendered":"<p>AVISO LEGAL Y CONDICIONES GENERALES DE USO https:\/\/despachopuga.es I. INFORMACI\u00d3N GENERAL En cumplimiento con el deber de informaci\u00f3n dispuesto en la Ley 34\/2002 de Servicios de la Sociedad de la Informaci\u00f3n y el Comercio Electr\u00f3nico (LSSI-CE) de 11 de julio, se facilitan a continuaci\u00f3n los siguientes datos de informaci\u00f3n general de este sitio web: La [&hellip;]<\/p>\n","protected":false},"author":2,"featured_media":0,"parent":0,"menu_order":0,"comment_status":"closed","ping_status":"closed","template":"","meta":{"footnotes":""},"class_list":["post-423","page","type-page","status-publish","hentry"],"_links":{"self":[{"href":"https:\/\/despachopuga.es\/es\/wp-json\/wp\/v2\/pages\/423","targetHints":{"allow":["GET"]}}],"collection":[{"href":"https:\/\/despachopuga.es\/es\/wp-json\/wp\/v2\/pages"}],"about":[{"href":"https:\/\/despachopuga.es\/es\/wp-json\/wp\/v2\/types\/page"}],"author":[{"embeddable":true,"href":"https:\/\/despachopuga.es\/es\/wp-json\/wp\/v2\/users\/2"}],"replies":[{"embeddable":true,"href":"https:\/\/despachopuga.es\/es\/wp-json\/wp\/v2\/comments?post=423"}],"version-history":[{"count":1,"href":"https:\/\/despachopuga.es\/es\/wp-json\/wp\/v2\/pages\/423\/revisions"}],"predecessor-version":[{"id":761,"href":"https:\/\/despachopuga.es\/es\/wp-json\/wp\/v2\/pages\/423\/revisions\/761"}],"wp:attachment":[{"href":"https:\/\/despachopuga.es\/es\/wp-json\/wp\/v2\/media?parent=423"}],"curies":[{"name":"wp","href":"https:\/\/api.w.org\/{rel}","templated":true}]}}