{"id":421,"date":"2024-09-02T19:32:48","date_gmt":"2024-09-02T18:32:48","guid":{"rendered":"https:\/\/base.thebluegrow.com\/?page_id=421"},"modified":"2026-01-19T09:55:37","modified_gmt":"2026-01-19T09:55:37","slug":"politica-de-privacidad","status":"publish","type":"page","link":"https:\/\/despachopuga.es\/es\/politica-de-privacidad\/","title":{"rendered":"Pol\u00edtica de privacidad"},"content":{"rendered":"<h2 class=\"wp-block-heading\">Pol\u00edtica de privacidad del sitio web<\/h2>\n\n\n\n<h4 class=\"wp-block-heading\">https:\/\/despachopuga.es<\/h4>\n\n\n\n<h3 class=\"wp-block-heading\">I. Pol\u00edtica de privacidad y protecci\u00f3n de datos<\/h3>\n\n\n\n<p>En cumplimiento de lo dispuesto en la legislaci\u00f3n vigente, Despacho Puga (en adelante, tambi\u00e9n el Sitio Web) se compromete a adoptar las medidas t\u00e9cnicas y organizativas necesarias, de acuerdo con el nivel de seguridad adecuado al riesgo de los datos recogidos.<\/p>\n\n\n\n<h4 class=\"wp-block-heading\">Leyes incorporadas por esta pol\u00edtica de privacidad<\/h4>\n\n\n\n<p>Esta pol\u00edtica de privacidad se adapta a la normativa espa\u00f1ola y europea vigente en materia de protecci\u00f3n de datos personales en Internet. En concreto, cumple con las siguientes normativas:<\/p>\n\n\n\n<ul class=\"wp-block-list\">\n<li>Reglamento (UE) 2016\/679 del Parlamento Europeo y del Consejo, de 27 de abril de 2016, relativo a la protecci\u00f3n de las personas f\u00edsicas en lo que respecta al tratamiento de datos personales y a la libre circulaci\u00f3n de estos datos (RGPD).<\/li>\n\n\n\n<li>Ley Org\u00e1nica 3\/2018, de 5 de diciembre, de Protecci\u00f3n de Datos Personales y Garant\u00eda de los Derechos Digitales (LOPD-GDD).<\/li>\n\n\n\n<li>Real Decreto 1720\/2007, de 21 de diciembre, por el que se aprueba el Reglamento de aplicaci\u00f3n de la Ley Org\u00e1nica 15\/1999, de 13 de diciembre, de Protecci\u00f3n de Datos de Car\u00e1cter Personal (RDLOPD).<\/li>\n\n\n\n<li>Ley 34\/2002, de 11 de julio, de Servicios de la Sociedad de la Informaci\u00f3n y de Comercio Electr\u00f3nico (LSSI-CE).<\/li>\n<\/ul>\n\n\n\n<h4 class=\"wp-block-heading\">Identidad del responsable del tratamiento de datos<\/h4>\n\n\n\n<p>El responsable del tratamiento de los datos personales recabados en Despacho Puga es ANTONIO PUGA RODR\u00cdGUEZ, con NIF 34946686A (en adelante, el Responsable del Tratamiento). Sus datos de contacto son los siguientes:<\/p>\n\n\n\n<p>Direcci\u00f3n: 34946686A<\/p>\n\n\n\n<p>Tel\u00e9fono de contacto: +34629377155<\/p>\n\n\n\n<p>Correo electr\u00f3nico de contacto: despachopuga@gmail.com<\/p>\n\n\n\n<h4 class=\"wp-block-heading\">Registro de datos personales<\/h4>\n\n\n\n<p>En cumplimiento de lo dispuesto en el RGPD y la LOPD-GDD, le informamos que los datos personales recogidos por Despacho Puga, a trav\u00e9s de los formularios de sus p\u00e1ginas, ser\u00e1n incorporados y tratados en nuestro fichero con la finalidad de facilitar, agilizar y cumplir con los compromisos establecidos entre Despacho Puga y el Usuario, o para mantener la relaci\u00f3n establecida a trav\u00e9s de los formularios que el usuario complete, o para atender una solicitud o consulta del usuario. Adem\u00e1s, de conformidad con lo dispuesto en el RGPD y la LOPD-GDD, salvo que sea de aplicaci\u00f3n la excepci\u00f3n prevista en el art\u00edculo 30.5 del RGPD, se mantiene un registro de actividades de tratamiento en el que se especifican, seg\u00fan sus finalidades, las actividades de tratamiento realizadas y las dem\u00e1s circunstancias establecidas en el RGPD.<\/p>\n\n\n\n<h4 class=\"wp-block-heading\">Principios aplicables al tratamiento de datos personales<\/h4>\n\n\n\n<p>El tratamiento de los datos personales del Usuario estar\u00e1 sujeto a los siguientes principios establecidos en el art\u00edculo 5 del RGPD y en el art\u00edculo 4 y siguientes de la Ley Org\u00e1nica 3\/2018, de 5 de diciembre, de Protecci\u00f3n de Datos Personales y Garant\u00eda de los Derechos Digitales:<\/p>\n\n\n\n<ul class=\"wp-block-list\">\n<li>Principio de licitud, lealtad y transparencia: se requerir\u00e1 el consentimiento del Usuario en todo momento, tras una informaci\u00f3n totalmente transparente sobre los fines para los que se recogen los datos personales.<\/li>\n\n\n\n<li>Principio de limitaci\u00f3n de la finalidad: los datos personales se recopilar\u00e1n con fines espec\u00edficos, expl\u00edcitos y leg\u00edtimos.<\/li>\n\n\n\n<li>Principio de minimizaci\u00f3n de datos: los datos personales recogidos ser\u00e1n \u00fanicamente los estrictamente necesarios en relaci\u00f3n con los fines para los que se tratan.<\/li>\n\n\n\n<li>Principio de exactitud: los datos personales deben ser exactos y estar siempre actualizados.<\/li>\n\n\n\n<li>Principio de limitaci\u00f3n del plazo de conservaci\u00f3n: los datos personales solo se conservar\u00e1n en una forma que permita la identificaci\u00f3n del usuario durante el tiempo necesario para los fines de su tratamiento.<\/li>\n\n\n\n<li>Principio de integridad y confidencialidad: los datos personales se tratar\u00e1n de forma que se garantice su seguridad y confidencialidad.<\/li>\n\n\n\n<li>Principio de responsabilidad proactiva: el responsable del tratamiento de datos ser\u00e1 responsable de garantizar el cumplimiento de los principios anteriores.<\/li>\n<\/ul>\n\n\n\n<h4 class=\"wp-block-heading\">Categor\u00edas de datos personales<\/h4>\n\n\n\n<p>Las categor\u00edas de datos tratados en Despacho Puga se limitan \u00fanicamente a datos identificativos. En ning\u00fan caso se tratan categor\u00edas especiales de datos personales en el sentido del art\u00edculo 9 del RGPD.<\/p>\n\n\n\n<p>Las categor\u00edas de datos tratados en Despacho Puga incluyen tanto datos identificativos como categor\u00edas especiales de datos personales en el sentido del art\u00edculo 9 del RGPD.<\/p>\n\n\n\n<p>Se entiende que las categor\u00edas especiales de datos personales incluyen aquellos que revelan el origen \u00e9tnico o racial, las opiniones pol\u00edticas, las creencias religiosas o filos\u00f3ficas, o la afiliaci\u00f3n sindical, as\u00ed como el tratamiento de datos gen\u00e9ticos, datos biom\u00e9tricos tratados para identificar de manera \u00fanica a una persona f\u00edsica, datos relativos a la salud o datos relativos a la vida sexual o la orientaci\u00f3n sexual de una persona f\u00edsica.<\/p>\n\n\n\n<p>Para el tratamiento de categor\u00edas especiales de datos personales, se requerir\u00e1 en todos los casos el consentimiento expl\u00edcito del usuario para uno o varios fines espec\u00edficos.<\/p>\n\n\n\n<h4 class=\"wp-block-heading\">Base jur\u00eddica para el tratamiento de datos personales<\/h4>\n\n\n\n<p>La base legal para el tratamiento de los datos personales es el consentimiento. Despacho Puga se compromete a obtener el consentimiento expreso y verificable del usuario para el tratamiento de sus datos personales para uno o varios fines espec\u00edficos.<\/p>\n\n\n\n<p>El Usuario tendr\u00e1 derecho a retirar su consentimiento en cualquier momento. Retirar el consentimiento ser\u00e1 tan f\u00e1cil como darlo. Como norma general, la retirada del consentimiento no afectar\u00e1 al uso del Sitio Web.<\/p>\n\n\n\n<p>En los casos en que el Usuario deba o pueda facilitar sus datos a trav\u00e9s de formularios para realizar consultas, solicitar informaci\u00f3n o por motivos relacionados con el contenido del Sitio Web, se le informar\u00e1 de si la cumplimentaci\u00f3n de alguno de ellos es obligatoria, ya que son imprescindibles para la correcta tramitaci\u00f3n de la operaci\u00f3n en cuesti\u00f3n.<\/p>\n\n\n\n<h4 class=\"wp-block-heading\">Finalidades del tratamiento al que se someten los datos personales<\/h4>\n\n\n\n<p>Los datos personales son recogidos y gestionados por Despacho Puga con la finalidad de facilitar, agilizar y cumplir con los compromisos establecidos entre el Sitio Web y el Usuario, mantener la relaci\u00f3n establecida a trav\u00e9s de los formularios cumplimentados por este \u00faltimo, o para responder a una solicitud o consulta.<\/p>\n\n\n\n<p>Asimismo, los datos podr\u00e1n ser utilizados con fines comerciales de personalizaci\u00f3n, operativos y estad\u00edsticos, y actividades inherentes al objeto social de Despacho Puga, as\u00ed como para la extracci\u00f3n de datos, almacenamiento y estudios de marketing para adaptar el contenido ofrecido al usuario, y para mejorar la calidad, el funcionamiento y la navegaci\u00f3n del sitio web.<\/p>\n\n\n\n<p>En el momento en que se obtengan los datos personales, se informar\u00e1 al Usuario de la finalidad o finalidades espec\u00edficas del tratamiento al que se someter\u00e1n los datos personales, es decir, del uso o usos que se dar\u00e1 a la informaci\u00f3n recabada.<\/p>\n\n\n\n<h4 class=\"wp-block-heading\">Plazos de conservaci\u00f3n de los datos personales<\/h4>\n\n\n\n<p>Los datos personales solo se conservar\u00e1n durante el tiempo m\u00ednimo necesario para los fines de su tratamiento y, en cualquier caso, solo durante el siguiente periodo: , o hasta que el Usuario solicite su supresi\u00f3n.<\/p>\n\n\n\n<p>En el momento en que se obtengan los datos personales, se informar\u00e1 al Usuario del plazo durante el cual se conservar\u00e1n dichos datos o, cuando ello no sea posible, de los criterios utilizados para determinar dicho plazo.<\/p>\n\n\n\n<h4 class=\"wp-block-heading\">Destinatarios de los datos personales<\/h4>\n\n\n\n<p>Los datos personales del usuario no se compartir\u00e1n con terceros.<\/p>\n\n\n\n<p>En cualquier caso, en el momento en que se obtengan los datos personales, se informar\u00e1 al Usuario sobre los destinatarios o las categor\u00edas de destinatarios de los datos personales.<\/p>\n\n\n\n<p>Los datos personales del Usuario se compartir\u00e1n con los siguientes destinatarios o categor\u00edas de destinatarios:<\/p>\n\n\n\n<pre class=\"wp-block-preformatted\"><\/pre>\n\n\n\n<p>En caso de que el Responsable del tratamiento tenga la intenci\u00f3n de transferir datos personales a un tercer pa\u00eds u organizaci\u00f3n internacional, en el momento en que se obtengan los datos personales se informar\u00e1 al Usuario del tercer pa\u00eds u organizaci\u00f3n internacional a la que se pretenden transferir los datos, as\u00ed como de la existencia o ausencia de una decisi\u00f3n de adecuaci\u00f3n por parte de la Comisi\u00f3n.<\/p>\n\n\n\n<h4 class=\"wp-block-heading\">Datos personales de menores<\/h4>\n\n\n\n<p>De conformidad con el art\u00edculo 8 del RGPD y el art\u00edculo 7 de la Ley Org\u00e1nica 3\/2018, de 5 de diciembre, de Protecci\u00f3n de Datos Personales y Garant\u00eda de los Derechos Digitales, solo las personas mayores de 14 a\u00f1os pueden dar su consentimiento para el tratamiento de sus datos personales por parte de Despacho Puga. Si la persona es menor de 14 a\u00f1os, se requerir\u00e1 el consentimiento de los padres o tutores para el tratamiento, y este solo se considerar\u00e1 l\u00edcito en la medida en que ellos lo hayan autorizado.<\/p>\n\n\n\n<h4 class=\"wp-block-heading\">Privacidad y seguridad de los datos personales<\/h4>\n\n\n\n<p>Despacho Puga se compromete a adoptar las medidas t\u00e9cnicas y organizativas necesarias, de acuerdo con el nivel de seguridad adecuado al riesgo de los datos recogidos, para garantizar la seguridad de los datos personales y evitar la destrucci\u00f3n, p\u00e9rdida o alteraci\u00f3n accidental o il\u00edcita de los datos personales transmitidos, almacenados o tratados de cualquier otra forma, as\u00ed como la divulgaci\u00f3n o el acceso no autorizados a dichos datos.<\/p>\n\n\n\n<p>El sitio web cuenta con un certificado SSL (Secure Socket Layer), que garantiza que los datos personales se transmiten de forma segura y confidencial, ya que la transmisi\u00f3n de datos entre el servidor y el usuario, y viceversa, est\u00e1 totalmente encriptada.<\/p>\n\n\n\n<p>Sin embargo, dado que Despacho Puga no puede garantizar la inviolabilidad de Internet ni la ausencia total de piratas inform\u00e1ticos u otras personas que accedan de forma fraudulenta a los datos personales, el responsable del tratamiento se compromete a informar al usuario sin demora injustificada cuando se produzca una violaci\u00f3n de la seguridad de los datos personales que pueda suponer un alto riesgo para los derechos y libertades de las personas f\u00edsicas. De conformidad con el art\u00edculo 4 del RGPD, se entiende por violaci\u00f3n de la seguridad de los datos personales cualquier infracci\u00f3n de la seguridad que provoque la destrucci\u00f3n, p\u00e9rdida o alteraci\u00f3n accidental o il\u00edcita de datos personales transmitidos, almacenados o tratados de otro modo, o la comunicaci\u00f3n o el acceso no autorizados a dichos datos.<\/p>\n\n\n\n<p>Los datos personales ser\u00e1n tratados de forma confidencial por el responsable del tratamiento, quien se compromete a informar y garantizar, mediante una obligaci\u00f3n legal o contractual, que dicha confidencialidad sea respetada por sus empleados, asociados y cualquier persona a la que se le facilite la informaci\u00f3n.<\/p>\n\n\n\n<h4 class=\"wp-block-heading\">Derechos derivados del tratamiento de datos personales<\/h4>\n\n\n\n<p>El Usuario tiene derechos sobre Despacho Puga y, por lo tanto, puede ejercer los siguientes derechos reconocidos en el RGPD y en la Ley Org\u00e1nica 3\/2018, de 5 de diciembre, de Protecci\u00f3n de Datos Personales y Garant\u00eda de los Derechos Digitales frente al Responsable del Tratamiento:<\/p>\n\n\n\n<ul class=\"wp-block-list\">\n<li><em>Derecho de acceso:<\/em> El Usuario tiene derecho a obtener confirmaci\u00f3n sobre si Despacho Puga est\u00e1 tratando o no sus datos personales y, en tal caso, a obtener informaci\u00f3n sobre sus datos personales concretos y sobre el tratamiento que Despacho Puga ha realizado o est\u00e1 realizando, as\u00ed como, entre otras cosas, informaci\u00f3n disponible sobre el origen de dichos datos y los destinatarios de las comunicaciones realizadas o previstas al respecto.<\/li>\n\n\n\n<li><em>Derecho de rectificaci\u00f3n:<\/em> El usuario tiene derecho a que se rectifiquen sus datos personales si son inexactos o, teniendo en cuenta los fines del tratamiento, incompletos.<\/li>\n\n\n\n<li><em>Derecho de supresi\u00f3n (\u201cderecho al olvido\u201d):<\/em> El Usuario tiene derecho, salvo que la legislaci\u00f3n aplicable disponga lo contrario, a obtener la supresi\u00f3n de sus datos personales cuando ya no sean necesarios para los fines para los que fueron recogidos o tratados; el Usuario haya retirado su consentimiento para el tratamiento y no exista otra base legal para ello; el Usuario se oponga al tratamiento y no exista otra raz\u00f3n leg\u00edtima para continuar con \u00e9l; los datos personales hayan sido tratados de forma il\u00edcita; los datos personales deben suprimirse para cumplir una obligaci\u00f3n legal; o los datos personales se han obtenido como resultado de una oferta directa de servicios de la sociedad de la informaci\u00f3n a un menor de 14 a\u00f1os. Adem\u00e1s de suprimir los datos, el responsable del tratamiento, teniendo en cuenta la tecnolog\u00eda disponible y el coste de su aplicaci\u00f3n, deber\u00e1 adoptar medidas razonables para informar a los responsables del tratamiento de los datos personales de la solicitud del interesado de suprimir cualquier enlace a dichos datos personales.<\/li>\n\n\n\n<li><em>Derecho a la limitaci\u00f3n del tratamiento:<\/em> El Usuario tiene derecho a restringir el tratamiento de sus datos personales. El Usuario tiene derecho a obtener la restricci\u00f3n del tratamiento cuando impugne la exactitud de sus datos personales; cuando el tratamiento sea il\u00edcito; cuando el Responsable del tratamiento ya no necesite los datos personales, pero el Usuario los necesite para presentar reclamaciones; y cuando el Usuario se haya opuesto al tratamiento.<\/li>\n\n\n\n<li><em>Derecho a la portabilidad de los datos:<\/em> Si el tratamiento se realiza por medios automatizados, el Usuario tendr\u00e1 derecho a recibir del Responsable del tratamiento sus datos personales en un formato estructurado, de uso com\u00fan y legible por m\u00e1quina, y a transmitirlos a otro Responsable del tratamiento. Siempre que sea t\u00e9cnicamente posible, el Responsable del tratamiento transmitir\u00e1 los datos directamente a ese otro Responsable del tratamiento.<\/li>\n\n\n\n<li><em>Derecho de oposici\u00f3n:<\/em> El usuario tiene derecho a solicitar que Despacho Puga no trate sus datos personales o que cese su tratamiento.<\/li>\n\n\n\n<li><em>Derecho a no ser objeto de una decisi\u00f3n basada \u00fanicamente en el tratamiento automatizado, incluida la elaboraci\u00f3n de perfiles:<\/em> El usuario tiene derecho a no ser objeto de una decisi\u00f3n individualizada basada \u00fanicamente en el tratamiento automatizado de sus datos personales, incluida la elaboraci\u00f3n de perfiles, salvo que la legislaci\u00f3n aplicable disponga lo contrario.<\/li>\n<\/ul>\n\n\n\n<p>Por lo tanto, el Usuario podr\u00e1 ejercer sus derechos mediante una comunicaci\u00f3n escrita dirigida al Responsable del tratamiento, con la referencia \u201cRGPD-https:\/\/despachopuga.es\u201d, especificando:<\/p>\n\n\n\n<ul class=\"wp-block-list\">\n<li>Nombre, apellidos y copia del documento de identidad del usuario. En los casos en que se acepte la representaci\u00f3n, se requerir\u00e1 tambi\u00e9n la identificaci\u00f3n por los mismos medios de la persona que represente al usuario, as\u00ed como el documento que acredite la representaci\u00f3n. La fotocopia del documento de identidad podr\u00e1 sustituirse por cualquier otro medio legalmente v\u00e1lido que acredite la identidad.<\/li>\n\n\n\n<li>Solicitud con los motivos espec\u00edficos de la solicitud o la informaci\u00f3n a la que se desea acceder.<\/li>\n\n\n\n<li>Direcci\u00f3n para notificaciones.<\/li>\n\n\n\n<li>Firma y fecha del solicitante.<\/li>\n\n\n\n<li>Cualquier documento que justifique la solicitud realizada.<\/li>\n<\/ul>\n\n\n\n<p>Esta solicitud y cualquier otro documento adjunto pueden enviarse a la siguiente direcci\u00f3n postal y\/o direcci\u00f3n de correo electr\u00f3nico:<\/p>\n\n\n\n<p>Direcci\u00f3n postal: 34946686A<\/p>\n\n\n\n<p>Correo electr\u00f3nico: despachopuga@gmail.com<\/p>\n\n\n\n<h4 class=\"wp-block-heading\">Enlaces a sitios web de terceros<\/h4>\n\n\n\n<p>El sitio web puede incluir hiperv\u00ednculos o enlaces que permiten acceder a sitios web de terceros ajenos a Despacho Puga y que, por lo tanto, no son operados por Despacho Puga. Los propietarios de dichos sitios web tendr\u00e1n sus propias pol\u00edticas de protecci\u00f3n de datos y ser\u00e1n responsables, en cada caso, de sus propios archivos y pr\u00e1cticas de privacidad.<\/p>\n\n\n\n<h4 class=\"wp-block-heading\">Reclamaciones ante la autoridad supervisora<\/h4>\n\n\n\n<p>Si el Usuario considera que existe un problema o una infracci\u00f3n de la normativa aplicable en el tratamiento de sus datos personales, tendr\u00e1 derecho a la tutela judicial efectiva y a presentar una reclamaci\u00f3n ante una autoridad de control, en particular en el Estado de su residencia habitual, lugar de trabajo o lugar de la supuesta infracci\u00f3n. En el caso de Espa\u00f1a, la autoridad de control es la https:\/\/www.aepd.es\/.<\/p>\n\n\n\n<h3 class=\"wp-block-heading\">II. ACEPTACI\u00d3N Y MODIFICACIONES DE LA PRESENTE POL\u00cdTICA DE PRIVACIDAD<\/h3>\n\n\n\n<p>Es necesario que el Usuario haya le\u00eddo y est\u00e9 de acuerdo con las condiciones sobre protecci\u00f3n de datos personales contenidas en la presente Pol\u00edtica de Privacidad, y que acepte el tratamiento de sus datos personales para que el Responsable del Tratamiento pueda llevarlo a cabo en la forma, durante los plazos y para los fines indicados. El uso del Sitio Web implicar\u00e1 la aceptaci\u00f3n de su Pol\u00edtica de Privacidad.<\/p>\n\n\n\n<p>Despacho Puga se reserva el derecho de modificar su Pol\u00edtica de Privacidad a su discreci\u00f3n, o en respuesta a un cambio legislativo, judicial o doctrinal por parte de la Agencia Espa\u00f1ola de Protecci\u00f3n de Datos. Los cambios o actualizaciones de esta Pol\u00edtica de Privacidad no se notificar\u00e1n expl\u00edcitamente al Usuario. Se recomienda al Usuario que consulte esta p\u00e1gina peri\u00f3dicamente para mantenerse informado de los \u00faltimos cambios o actualizaciones.<\/p>\n\n\n\n<p>Esta Pol\u00edtica de privacidad se ha actualizado para cumplir con el Reglamento (UE) 2016\/679 del Parlamento Europeo y del Consejo, de 27 de abril de 2016, relativo a la protecci\u00f3n de las personas f\u00edsicas en lo que respecta al tratamiento de datos personales y a la libre circulaci\u00f3n de estos datos (RGPD) y la Ley Org\u00e1nica 3\/2018, de 5 de diciembre, de Protecci\u00f3n de Datos Personales y Garant\u00eda de los Derechos Digitales.<\/p>\n\n\n\n<p>El documento de Pol\u00edtica de privacidad de este sitio web ha sido creado utilizando el generador de <a href=\"https:\/\/textos-legales.edgartamarit.com\/\" rel=\"nofollow noopener\" target=\"_blank\">Plantilla gratuita de pol\u00edtica de privacidad para sitios web<\/a> en l\u00ednea el 19\/01\/2026.<\/p>","protected":false},"excerpt":{"rendered":"<p>POL\u00cdTICA DE PRIVACIDAD DEL SITIO WEB https:\/\/despachopuga.es I. POL\u00cdTICA DE PRIVACIDAD Y PROTECCI\u00d3N DE DATOS Respetando lo establecido en la legislaci\u00f3n vigente, Despacho Puga (en adelante, tambi\u00e9n Sitio Web) se compromete a adoptar las medidas t\u00e9cnicas y organizativas necesarias, seg\u00fan el nivel de seguridad adecuado al riesgo de los datos recogidos. Leyes que incorpora esta [&hellip;]<\/p>\n","protected":false},"author":2,"featured_media":0,"parent":0,"menu_order":0,"comment_status":"closed","ping_status":"closed","template":"","meta":{"footnotes":""},"class_list":["post-421","page","type-page","status-publish","hentry"],"_links":{"self":[{"href":"https:\/\/despachopuga.es\/es\/wp-json\/wp\/v2\/pages\/421","targetHints":{"allow":["GET"]}}],"collection":[{"href":"https:\/\/despachopuga.es\/es\/wp-json\/wp\/v2\/pages"}],"about":[{"href":"https:\/\/despachopuga.es\/es\/wp-json\/wp\/v2\/types\/page"}],"author":[{"embeddable":true,"href":"https:\/\/despachopuga.es\/es\/wp-json\/wp\/v2\/users\/2"}],"replies":[{"embeddable":true,"href":"https:\/\/despachopuga.es\/es\/wp-json\/wp\/v2\/comments?post=421"}],"version-history":[{"count":1,"href":"https:\/\/despachopuga.es\/es\/wp-json\/wp\/v2\/pages\/421\/revisions"}],"predecessor-version":[{"id":763,"href":"https:\/\/despachopuga.es\/es\/wp-json\/wp\/v2\/pages\/421\/revisions\/763"}],"wp:attachment":[{"href":"https:\/\/despachopuga.es\/es\/wp-json\/wp\/v2\/media?parent=421"}],"curies":[{"name":"wp","href":"https:\/\/api.w.org\/{rel}","templated":true}]}}