{"id":25,"date":"2022-11-21T22:23:43","date_gmt":"2022-11-21T22:23:43","guid":{"rendered":"https:\/\/hosting.bluegrow.es\/servicios\/"},"modified":"2026-01-21T14:43:50","modified_gmt":"2026-01-21T14:43:50","slug":"servicios","status":"publish","type":"page","link":"https:\/\/despachopuga.es\/es\/servicios\/","title":{"rendered":"Servicios"},"content":{"rendered":"<div data-elementor-type=\"wp-page\" data-elementor-id=\"25\" class=\"elementor elementor-25\" data-elementor-post-type=\"page\">\n\t\t\t\t\t\t<section class=\"elementor-section elementor-top-section elementor-element elementor-element-251788be elementor-section-boxed elementor-section-height-default elementor-section-height-default\" data-id=\"251788be\" data-element_type=\"section\" data-e-type=\"section\" data-settings=\"{&quot;background_background&quot;:&quot;classic&quot;}\">\n\t\t\t\t\t\t\t<div class=\"elementor-background-overlay\"><\/div>\n\t\t\t\t\t\t\t<div class=\"elementor-container elementor-column-gap-default\">\n\t\t\t\t\t<div class=\"elementor-column elementor-col-100 elementor-top-column elementor-element elementor-element-24e1bb93\" data-id=\"24e1bb93\" data-element_type=\"column\" data-e-type=\"column\">\n\t\t\t<div class=\"elementor-widget-wrap elementor-element-populated\">\n\t\t\t\t\t\t<section class=\"elementor-section elementor-inner-section elementor-element elementor-element-7ec74e1b elementor-section-boxed elementor-section-height-default elementor-section-height-default\" data-id=\"7ec74e1b\" data-element_type=\"section\" data-e-type=\"section\">\n\t\t\t\t\t\t<div class=\"elementor-container elementor-column-gap-default\">\n\t\t\t\t\t<div class=\"elementor-column elementor-col-66 elementor-inner-column elementor-element elementor-element-4fb8383a elementor-invisible\" data-id=\"4fb8383a\" data-element_type=\"column\" data-e-type=\"column\" data-settings=\"{&quot;animation&quot;:&quot;fadeInLeft&quot;}\">\n\t\t\t<div class=\"elementor-widget-wrap elementor-element-populated\">\n\t\t\t\t\t\t<div class=\"elementor-element elementor-element-f8b9e50 elementor-widget elementor-widget-heading\" data-id=\"f8b9e50\" data-element_type=\"widget\" data-e-type=\"widget\" data-widget_type=\"heading.default\">\n\t\t\t\t<div class=\"elementor-widget-container\">\n\t\t\t\t\t<h1 class=\"elementor-heading-title elementor-size-default\">Nuestros servicios<\/h1>\t\t\t\t<\/div>\n\t\t\t\t<\/div>\n\t\t\t\t<div class=\"elementor-element elementor-element-63e825b5 elementor-widget__width-auto elementor-widget elementor-widget-heading\" data-id=\"63e825b5\" data-element_type=\"widget\" data-e-type=\"widget\" data-widget_type=\"heading.default\">\n\t\t\t\t<div class=\"elementor-widget-container\">\n\t\t\t\t\t<div class=\"elementor-heading-title elementor-size-default\"><a href=\"https:\/\/despachopuga.es\/es\">Inicio<\/a><\/div>\t\t\t\t<\/div>\n\t\t\t\t<\/div>\n\t\t\t\t<div class=\"elementor-element elementor-element-627a7e7 elementor-widget__width-auto elementor-view-default elementor-widget elementor-widget-icon\" data-id=\"627a7e7\" data-element_type=\"widget\" data-e-type=\"widget\" data-widget_type=\"icon.default\">\n\t\t\t\t<div class=\"elementor-widget-container\">\n\t\t\t\t\t\t\t<div class=\"elementor-icon-wrapper\">\n\t\t\t<div class=\"elementor-icon\">\n\t\t\t<i aria-hidden=\"true\" class=\"fas fa-chevron-right\"><\/i>\t\t\t<\/div>\n\t\t<\/div>\n\t\t\t\t\t\t<\/div>\n\t\t\t\t<\/div>\n\t\t\t\t<div class=\"elementor-element elementor-element-59e03183 elementor-widget__width-auto elementor-widget elementor-widget-heading\" data-id=\"59e03183\" data-element_type=\"widget\" data-e-type=\"widget\" data-widget_type=\"heading.default\">\n\t\t\t\t<div class=\"elementor-widget-container\">\n\t\t\t\t\t<div class=\"elementor-heading-title elementor-size-default\">Servicios<\/div>\t\t\t\t<\/div>\n\t\t\t\t<\/div>\n\t\t\t\t\t<\/div>\n\t\t<\/div>\n\t\t\t\t<div class=\"elementor-column elementor-col-33 elementor-inner-column elementor-element elementor-element-b3e32c8 elementor-hidden-phone\" data-id=\"b3e32c8\" data-element_type=\"column\" data-e-type=\"column\">\n\t\t\t<div class=\"elementor-widget-wrap elementor-element-populated\">\n\t\t\t\t\t\t<div class=\"elementor-element elementor-element-33872a80 elementor-widget elementor-widget-spacer\" data-id=\"33872a80\" data-element_type=\"widget\" data-e-type=\"widget\" data-widget_type=\"spacer.default\">\n\t\t\t\t<div class=\"elementor-widget-container\">\n\t\t\t\t\t\t\t<div class=\"elementor-spacer\">\n\t\t\t<div class=\"elementor-spacer-inner\"><\/div>\n\t\t<\/div>\n\t\t\t\t\t\t<\/div>\n\t\t\t\t<\/div>\n\t\t\t\t\t<\/div>\n\t\t<\/div>\n\t\t\t\t\t<\/div>\n\t\t<\/section>\n\t\t\t\t\t<\/div>\n\t\t<\/div>\n\t\t\t\t\t<\/div>\n\t\t<\/section>\n\t\t\t\t<section class=\"elementor-section elementor-top-section elementor-element elementor-element-49f5c7b2 elementor-section-boxed elementor-section-height-default elementor-section-height-default\" data-id=\"49f5c7b2\" data-element_type=\"section\" data-e-type=\"section\">\n\t\t\t\t\t\t\t<div class=\"elementor-background-overlay\"><\/div>\n\t\t\t\t\t\t\t<div class=\"elementor-container elementor-column-gap-default\">\n\t\t\t\t\t<div class=\"elementor-column elementor-col-100 elementor-top-column elementor-element elementor-element-454326fe\" data-id=\"454326fe\" data-element_type=\"column\" data-e-type=\"column\">\n\t\t\t<div class=\"elementor-widget-wrap elementor-element-populated\">\n\t\t\t\t\t\t<section class=\"elementor-section elementor-inner-section elementor-element elementor-element-5ae3d8a2 elementor-section-boxed elementor-section-height-default elementor-section-height-default\" data-id=\"5ae3d8a2\" data-element_type=\"section\" data-e-type=\"section\">\n\t\t\t\t\t\t<div class=\"elementor-container elementor-column-gap-default\">\n\t\t\t\t\t<div class=\"elementor-column elementor-col-50 elementor-inner-column elementor-element elementor-element-303e81ab\" data-id=\"303e81ab\" data-element_type=\"column\" data-e-type=\"column\">\n\t\t\t<div class=\"elementor-widget-wrap elementor-element-populated\">\n\t\t\t\t\t\t<div class=\"elementor-element elementor-element-119970a8 elementor-invisible elementor-widget elementor-widget-heading\" data-id=\"119970a8\" data-element_type=\"widget\" data-e-type=\"widget\" data-settings=\"{&quot;_animation&quot;:&quot;fadeInLeft&quot;}\" data-widget_type=\"heading.default\">\n\t\t\t\t<div class=\"elementor-widget-container\">\n\t\t\t\t\t<div class=\"elementor-heading-title elementor-size-default\">Despacho de abogados en Celanova<\/div>\t\t\t\t<\/div>\n\t\t\t\t<\/div>\n\t\t\t\t<div class=\"elementor-element elementor-element-69e9bbf5 elementor-invisible elementor-widget elementor-widget-heading\" data-id=\"69e9bbf5\" data-element_type=\"widget\" data-e-type=\"widget\" data-settings=\"{&quot;_animation&quot;:&quot;fadeInLeft&quot;}\" data-widget_type=\"heading.default\">\n\t\t\t\t<div class=\"elementor-widget-container\">\n\t\t\t\t\t<h2 class=\"elementor-heading-title elementor-size-default\">Servicios generales para su defensa legal<\/h2>\t\t\t\t<\/div>\n\t\t\t\t<\/div>\n\t\t\t\t\t<\/div>\n\t\t<\/div>\n\t\t\t\t<div class=\"elementor-column elementor-col-50 elementor-inner-column elementor-element elementor-element-7b0302f2\" data-id=\"7b0302f2\" data-element_type=\"column\" data-e-type=\"column\">\n\t\t\t<div class=\"elementor-widget-wrap elementor-element-populated\">\n\t\t\t\t\t\t<div class=\"elementor-element elementor-element-7a60aa4d elementor-invisible elementor-widget elementor-widget-text-editor\" data-id=\"7a60aa4d\" data-element_type=\"widget\" data-e-type=\"widget\" data-settings=\"{&quot;_animation&quot;:&quot;fadeInLeft&quot;}\" data-widget_type=\"text-editor.default\">\n\t\t\t\t<div class=\"elementor-widget-container\">\n\t\t\t\t\t\t\t\t\t<p>Nuestra empresa ofrece\u00a0<strong>Atenci\u00f3n integral<\/strong>\u00a0en derecho civil, penal y de familia, con un enfoque pr\u00e1ctico adaptado al sistema judicial local.<\/p>\t\t\t\t\t\t\t\t<\/div>\n\t\t\t\t<\/div>\n\t\t\t\t\t<\/div>\n\t\t<\/div>\n\t\t\t\t\t<\/div>\n\t\t<\/section>\n\t\t\t\t<section class=\"elementor-section elementor-inner-section elementor-element elementor-element-4cea33fa elementor-section-boxed elementor-section-height-default elementor-section-height-default\" data-id=\"4cea33fa\" data-element_type=\"section\" data-e-type=\"section\">\n\t\t\t\t\t\t<div class=\"elementor-container elementor-column-gap-default\">\n\t\t\t\t\t<div class=\"elementor-column elementor-col-33 elementor-inner-column elementor-element elementor-element-213e9fe2\" data-id=\"213e9fe2\" data-element_type=\"column\" data-e-type=\"column\" data-settings=\"{&quot;background_background&quot;:&quot;classic&quot;}\">\n\t\t\t<div class=\"elementor-widget-wrap elementor-element-populated\">\n\t\t\t\t\t\t<div class=\"elementor-element elementor-element-76d260ee elementor-position-top elementor-widget elementor-widget-image-box\" data-id=\"76d260ee\" data-element_type=\"widget\" data-e-type=\"widget\" data-widget_type=\"image-box.default\">\n\t\t\t\t<div class=\"elementor-widget-container\">\n\t\t\t\t\t<div class=\"elementor-image-box-wrapper\"><figure class=\"elementor-image-box-img\"><img decoding=\"async\" width=\"90\" height=\"90\" src=\"https:\/\/despachopuga.es\/wp-content\/uploads\/2026\/01\/law-dashed-line-icon-set-J3PNTK3-2.png\" class=\"attachment-full size-full wp-image-500\" alt=\"Conjunto de iconos de l\u00edneas discontinuas de ley J3PNTK3 2.png\" title=\"\" srcset=\"https:\/\/despachopuga.es\/wp-content\/uploads\/2026\/01\/law-dashed-line-icon-set-J3PNTK3-2.png 90w, https:\/\/despachopuga.es\/wp-content\/uploads\/2026\/01\/law-dashed-line-icon-set-J3PNTK3-2-12x12.png 12w\" sizes=\"(max-width: 90px) 100vw, 90px\" \/><\/figure><div class=\"elementor-image-box-content\"><h3 class=\"elementor-image-box-title\">Reclamaciones contractuales<\/h3><p class=\"elementor-image-box-description\">Incumplimientos, arrendamientos y deudas, con o sin sentencia judicial.<\/p><\/div><\/div>\t\t\t\t<\/div>\n\t\t\t\t<\/div>\n\t\t\t\t\t<\/div>\n\t\t<\/div>\n\t\t\t\t<div class=\"elementor-column elementor-col-33 elementor-inner-column elementor-element elementor-element-6f27977c\" data-id=\"6f27977c\" data-element_type=\"column\" data-e-type=\"column\" data-settings=\"{&quot;background_background&quot;:&quot;classic&quot;}\">\n\t\t\t<div class=\"elementor-widget-wrap elementor-element-populated\">\n\t\t\t\t\t\t<div class=\"elementor-element elementor-element-6f05c1d0 elementor-position-top elementor-widget elementor-widget-image-box\" data-id=\"6f05c1d0\" data-element_type=\"widget\" data-e-type=\"widget\" data-widget_type=\"image-box.default\">\n\t\t\t\t<div class=\"elementor-widget-container\">\n\t\t\t\t\t<div class=\"elementor-image-box-wrapper\"><figure class=\"elementor-image-box-img\"><img decoding=\"async\" width=\"90\" height=\"90\" src=\"https:\/\/despachopuga.es\/wp-content\/uploads\/2026\/01\/law-dashed-line-icon-set-J3PNTK3-2.png\" class=\"attachment-full size-full wp-image-500\" alt=\"Conjunto de iconos de l\u00edneas discontinuas de ley J3PNTK3 2.png\" title=\"\" srcset=\"https:\/\/despachopuga.es\/wp-content\/uploads\/2026\/01\/law-dashed-line-icon-set-J3PNTK3-2.png 90w, https:\/\/despachopuga.es\/wp-content\/uploads\/2026\/01\/law-dashed-line-icon-set-J3PNTK3-2-12x12.png 12w\" sizes=\"(max-width: 90px) 100vw, 90px\" \/><\/figure><div class=\"elementor-image-box-content\"><h3 class=\"elementor-image-box-title\">Defensa penal<\/h3><p class=\"elementor-image-box-description\">Juicios sumarios, delitos leves y graves, con preparaci\u00f3n personalizada.<\/p><\/div><\/div>\t\t\t\t<\/div>\n\t\t\t\t<\/div>\n\t\t\t\t\t<\/div>\n\t\t<\/div>\n\t\t\t\t<div class=\"elementor-column elementor-col-33 elementor-inner-column elementor-element elementor-element-6374a427\" data-id=\"6374a427\" data-element_type=\"column\" data-e-type=\"column\" data-settings=\"{&quot;background_background&quot;:&quot;classic&quot;}\">\n\t\t\t<div class=\"elementor-widget-wrap elementor-element-populated\">\n\t\t\t\t\t\t<div class=\"elementor-element elementor-element-52219fec elementor-position-top elementor-widget elementor-widget-image-box\" data-id=\"52219fec\" data-element_type=\"widget\" data-e-type=\"widget\" data-widget_type=\"image-box.default\">\n\t\t\t\t<div class=\"elementor-widget-container\">\n\t\t\t\t\t<div class=\"elementor-image-box-wrapper\"><figure class=\"elementor-image-box-img\"><img decoding=\"async\" width=\"90\" height=\"90\" src=\"https:\/\/despachopuga.es\/wp-content\/uploads\/2026\/01\/law-dashed-line-icon-set-J3PNTK3-4.png\" class=\"attachment-full size-full wp-image-505\" alt=\"Icono de l\u00ednea discontinua de ley J3PNTK3 4.png\" title=\"\" srcset=\"https:\/\/despachopuga.es\/wp-content\/uploads\/2026\/01\/law-dashed-line-icon-set-J3PNTK3-4.png 90w, https:\/\/despachopuga.es\/wp-content\/uploads\/2026\/01\/law-dashed-line-icon-set-J3PNTK3-4-12x12.png 12w\" sizes=\"(max-width: 90px) 100vw, 90px\" \/><\/figure><div class=\"elementor-image-box-content\"><h3 class=\"elementor-image-box-title\">Sucesiones y herencias<\/h3><p class=\"elementor-image-box-description\">Divisiones, testamentos y resoluci\u00f3n de disputas familiares.<\/p><\/div><\/div>\t\t\t\t<\/div>\n\t\t\t\t<\/div>\n\t\t\t\t\t<\/div>\n\t\t<\/div>\n\t\t\t\t\t<\/div>\n\t\t<\/section>\n\t\t\t\t<section class=\"elementor-section elementor-inner-section elementor-element elementor-element-2085faf6 elementor-section-boxed elementor-section-height-default elementor-section-height-default\" data-id=\"2085faf6\" data-element_type=\"section\" data-e-type=\"section\">\n\t\t\t\t\t\t<div class=\"elementor-container elementor-column-gap-default\">\n\t\t\t\t\t<div class=\"elementor-column elementor-col-33 elementor-inner-column elementor-element elementor-element-77c2eae4\" data-id=\"77c2eae4\" data-element_type=\"column\" data-e-type=\"column\" data-settings=\"{&quot;background_background&quot;:&quot;classic&quot;}\">\n\t\t\t<div class=\"elementor-widget-wrap elementor-element-populated\">\n\t\t\t\t\t\t<div class=\"elementor-element elementor-element-21981c17 elementor-position-top elementor-widget elementor-widget-image-box\" data-id=\"21981c17\" data-element_type=\"widget\" data-e-type=\"widget\" data-widget_type=\"image-box.default\">\n\t\t\t\t<div class=\"elementor-widget-container\">\n\t\t\t\t\t<div class=\"elementor-image-box-wrapper\"><figure class=\"elementor-image-box-img\"><img decoding=\"async\" width=\"90\" height=\"90\" src=\"https:\/\/despachopuga.es\/wp-content\/uploads\/2026\/01\/law-dashed-line-icon-set-J3PNTK3-5.png\" class=\"attachment-full size-full wp-image-506\" alt=\"Conjunto de iconos de l\u00edneas discontinuas de ley J3PNTK3 5.png\" title=\"\" srcset=\"https:\/\/despachopuga.es\/wp-content\/uploads\/2026\/01\/law-dashed-line-icon-set-J3PNTK3-5.png 90w, https:\/\/despachopuga.es\/wp-content\/uploads\/2026\/01\/law-dashed-line-icon-set-J3PNTK3-5-12x12.png 12w\" sizes=\"(max-width: 90px) 100vw, 90px\" \/><\/figure><div class=\"elementor-image-box-content\"><h3 class=\"elementor-image-box-title\">Divorcios y separaciones<\/h3><p class=\"elementor-image-box-description\">Pactos matrimoniales, custodia y pensi\u00f3n alimenticia, dando prioridad a las soluciones amistosas. Sucesiones y herencias.<\/p><\/div><\/div>\t\t\t\t<\/div>\n\t\t\t\t<\/div>\n\t\t\t\t\t<\/div>\n\t\t<\/div>\n\t\t\t\t<div class=\"elementor-column elementor-col-33 elementor-inner-column elementor-element elementor-element-47186715\" data-id=\"47186715\" data-element_type=\"column\" data-e-type=\"column\" data-settings=\"{&quot;background_background&quot;:&quot;classic&quot;}\">\n\t\t\t<div class=\"elementor-widget-wrap elementor-element-populated\">\n\t\t\t\t\t\t<div class=\"elementor-element elementor-element-7369e9ae elementor-position-top elementor-widget elementor-widget-image-box\" data-id=\"7369e9ae\" data-element_type=\"widget\" data-e-type=\"widget\" data-widget_type=\"image-box.default\">\n\t\t\t\t<div class=\"elementor-widget-container\">\n\t\t\t\t\t<div class=\"elementor-image-box-wrapper\"><figure class=\"elementor-image-box-img\"><img loading=\"lazy\" decoding=\"async\" width=\"90\" height=\"90\" src=\"https:\/\/despachopuga.es\/wp-content\/uploads\/2026\/01\/law-dashed-line-icon-set-J3PNTK3-6.png\" class=\"attachment-full size-full wp-image-507\" alt=\"Conjunto de iconos de l\u00edneas discontinuas de ley J3PNTK3 6.png\" title=\"\" srcset=\"https:\/\/despachopuga.es\/wp-content\/uploads\/2026\/01\/law-dashed-line-icon-set-J3PNTK3-6.png 90w, https:\/\/despachopuga.es\/wp-content\/uploads\/2026\/01\/law-dashed-line-icon-set-J3PNTK3-6-12x12.png 12w\" sizes=\"(max-width: 90px) 100vw, 90px\" \/><\/figure><div class=\"elementor-image-box-content\"><h3 class=\"elementor-image-box-title\">Accidentes de tr\u00e1fico<\/h3><p class=\"elementor-image-box-description\">Reclamaciones por da\u00f1os personales y materiales, con una r\u00e1pida tramitaci\u00f3n por parte de la aseguradora.<\/p><\/div><\/div>\t\t\t\t<\/div>\n\t\t\t\t<\/div>\n\t\t\t\t\t<\/div>\n\t\t<\/div>\n\t\t\t\t<div class=\"elementor-column elementor-col-33 elementor-inner-column elementor-element elementor-element-a72d4db\" data-id=\"a72d4db\" data-element_type=\"column\" data-e-type=\"column\" data-settings=\"{&quot;background_background&quot;:&quot;classic&quot;}\">\n\t\t\t<div class=\"elementor-widget-wrap elementor-element-populated\">\n\t\t\t\t\t\t<div class=\"elementor-element elementor-element-72587063 elementor-position-top elementor-widget elementor-widget-image-box\" data-id=\"72587063\" data-element_type=\"widget\" data-e-type=\"widget\" data-widget_type=\"image-box.default\">\n\t\t\t\t<div class=\"elementor-widget-container\">\n\t\t\t\t\t<div class=\"elementor-image-box-wrapper\"><figure class=\"elementor-image-box-img\"><img loading=\"lazy\" decoding=\"async\" width=\"90\" height=\"90\" src=\"https:\/\/despachopuga.es\/wp-content\/uploads\/2026\/01\/law-dashed-line-icon-set-J3PNTK3-7.png\" class=\"attachment-full size-full wp-image-508\" alt=\"Conjunto de iconos de l\u00edneas discontinuas de la ley J3PNTK3 7.png\" title=\"\" srcset=\"https:\/\/despachopuga.es\/wp-content\/uploads\/2026\/01\/law-dashed-line-icon-set-J3PNTK3-7.png 90w, https:\/\/despachopuga.es\/wp-content\/uploads\/2026\/01\/law-dashed-line-icon-set-J3PNTK3-7-12x12.png 12w\" sizes=\"(max-width: 90px) 100vw, 90px\" \/><\/figure><div class=\"elementor-image-box-content\"><h3 class=\"elementor-image-box-title\">Servicio generalista completo<\/h3><p class=\"elementor-image-box-description\">Nos adaptamos a sus necesidades espec\u00edficas y buscamos la soluci\u00f3n \u00f3ptima, ya sea de forma amistosa o a trav\u00e9s de los tribunales.<\/p><\/div><\/div>\t\t\t\t<\/div>\n\t\t\t\t<\/div>\n\t\t\t\t\t<\/div>\n\t\t<\/div>\n\t\t\t\t\t<\/div>\n\t\t<\/section>\n\t\t\t\t\t<\/div>\n\t\t<\/div>\n\t\t\t\t\t<\/div>\n\t\t<\/section>\n\t\t\t\t<section class=\"elementor-section elementor-top-section elementor-element elementor-element-3f739d58 elementor-section-boxed elementor-section-height-default elementor-section-height-default\" data-id=\"3f739d58\" data-element_type=\"section\" data-e-type=\"section\" data-settings=\"{&quot;background_background&quot;:&quot;classic&quot;}\">\n\t\t\t\t\t\t<div class=\"elementor-container elementor-column-gap-default\">\n\t\t\t\t\t<div class=\"elementor-column elementor-col-100 elementor-top-column elementor-element elementor-element-4b4c980d\" data-id=\"4b4c980d\" data-element_type=\"column\" data-e-type=\"column\">\n\t\t\t<div class=\"elementor-widget-wrap elementor-element-populated\">\n\t\t\t\t\t\t<section class=\"elementor-section elementor-inner-section elementor-element elementor-element-5ec4a877 elementor-section-boxed elementor-section-height-default elementor-section-height-default\" data-id=\"5ec4a877\" data-element_type=\"section\" data-e-type=\"section\">\n\t\t\t\t\t\t<div class=\"elementor-container elementor-column-gap-default\">\n\t\t\t\t\t<div class=\"elementor-column elementor-col-100 elementor-inner-column elementor-element elementor-element-50cabb49\" data-id=\"50cabb49\" data-element_type=\"column\" data-e-type=\"column\">\n\t\t\t<div class=\"elementor-widget-wrap elementor-element-populated\">\n\t\t\t\t\t\t<div class=\"elementor-element elementor-element-1fb3005c elementor-widget elementor-widget-heading\" data-id=\"1fb3005c\" data-element_type=\"widget\" data-e-type=\"widget\" data-widget_type=\"heading.default\">\n\t\t\t\t<div class=\"elementor-widget-container\">\n\t\t\t\t\t<div class=\"elementor-heading-title elementor-size-default\">Cont\u00e1ctanos<\/div>\t\t\t\t<\/div>\n\t\t\t\t<\/div>\n\t\t\t\t<div class=\"elementor-element elementor-element-181b5570 elementor-widget elementor-widget-heading\" data-id=\"181b5570\" data-element_type=\"widget\" data-e-type=\"widget\" data-widget_type=\"heading.default\">\n\t\t\t\t<div class=\"elementor-widget-container\">\n\t\t\t\t\t<h2 class=\"elementor-heading-title elementor-size-default\">\u00bfListo para resolver tu caso? <\/h2>\t\t\t\t<\/div>\n\t\t\t\t<\/div>\n\t\t<div class=\"elementor-element elementor-element-4df9bd5 e-flex e-con-boxed e-con e-parent\" data-id=\"4df9bd5\" data-element_type=\"container\" data-e-type=\"container\">\n\t\t\t\t\t<div class=\"e-con-inner\">\n\t\t\t\t<div class=\"elementor-element elementor-element-34b05bd elementor-align-center elementor-widget elementor-widget-button\" data-id=\"34b05bd\" data-element_type=\"widget\" data-e-type=\"widget\" aria-label=\"Contacto por correo electr\u00f3nico\" data-widget_type=\"button.default\">\n\t\t\t\t<div class=\"elementor-widget-container\">\n\t\t\t\t\t\t\t\t\t<div class=\"elementor-button-wrapper\">\n\t\t\t\t\t<a class=\"elementor-button elementor-button-link elementor-size-sm\" href=\"mailto:despachopuga@gmail.com\">\n\t\t\t\t\t\t<span class=\"elementor-button-content-wrapper\">\n\t\t\t\t\t\t\t\t\t<span class=\"elementor-button-text\">Contacto por correo electr\u00f3nico<\/span>\n\t\t\t\t\t<\/span>\n\t\t\t\t\t<\/a>\n\t\t\t\t<\/div>\n\t\t\t\t\t\t\t\t<\/div>\n\t\t\t\t<\/div>\n\t\t\t\t<div class=\"elementor-element elementor-element-682c624 elementor-align-justify elementor-widget elementor-widget-button\" data-id=\"682c624\" data-element_type=\"widget\" data-e-type=\"widget\" aria-label=\"Ll\u00e1manos\" data-widget_type=\"button.default\">\n\t\t\t\t<div class=\"elementor-widget-container\">\n\t\t\t\t\t\t\t\t\t<div class=\"elementor-button-wrapper\">\n\t\t\t\t\t<a class=\"elementor-button elementor-button-link elementor-size-sm\" href=\"tel:988432235\">\n\t\t\t\t\t\t<span class=\"elementor-button-content-wrapper\">\n\t\t\t\t\t\t\t\t\t<span class=\"elementor-button-text\">Ll\u00e1manos<\/span>\n\t\t\t\t\t<\/span>\n\t\t\t\t\t<\/a>\n\t\t\t\t<\/div>\n\t\t\t\t\t\t\t\t<\/div>\n\t\t\t\t<\/div>\n\t\t\t\t\t<\/div>\n\t\t\t\t<\/div>\n\t\t\t\t\t<\/div>\n\t\t<\/div>\n\t\t\t\t\t<\/div>\n\t\t<\/section>\n\t\t\t\t\t<\/div>\n\t\t<\/div>\n\t\t\t\t\t<\/div>\n\t\t<\/section>\n\t\t\t\t<\/div>","protected":false},"excerpt":{"rendered":"<p>Os nosos servizos Inicio Servizos despacho de avogados en celanova Servizos xeralistas para a t\u00faa defensa legal O noso despacho ofrece\u00a0atenci\u00f3n integral\u00a0en dereitos civil, penal e familiar, con enfoque pr\u00e1ctico e adaptado \u00e1 xustiza local Reclamaci\u00f3ns contratuais Incumprimentos, arrendamentos e d\u00e9bedas, con ou sen xu\u00edzo. Defensa penal Xu\u00edzos r\u00e1pidos, delitos leves e graves, con preparaci\u00f3n [&hellip;]<\/p>\n","protected":false},"author":2,"featured_media":0,"parent":0,"menu_order":4,"comment_status":"closed","ping_status":"closed","template":"","meta":{"footnotes":""},"class_list":["post-25","page","type-page","status-publish","hentry"],"_links":{"self":[{"href":"https:\/\/despachopuga.es\/es\/wp-json\/wp\/v2\/pages\/25","targetHints":{"allow":["GET"]}}],"collection":[{"href":"https:\/\/despachopuga.es\/es\/wp-json\/wp\/v2\/pages"}],"about":[{"href":"https:\/\/despachopuga.es\/es\/wp-json\/wp\/v2\/types\/page"}],"author":[{"embeddable":true,"href":"https:\/\/despachopuga.es\/es\/wp-json\/wp\/v2\/users\/2"}],"replies":[{"embeddable":true,"href":"https:\/\/despachopuga.es\/es\/wp-json\/wp\/v2\/comments?post=25"}],"version-history":[{"count":5,"href":"https:\/\/despachopuga.es\/es\/wp-json\/wp\/v2\/pages\/25\/revisions"}],"predecessor-version":[{"id":811,"href":"https:\/\/despachopuga.es\/es\/wp-json\/wp\/v2\/pages\/25\/revisions\/811"}],"wp:attachment":[{"href":"https:\/\/despachopuga.es\/es\/wp-json\/wp\/v2\/media?parent=25"}],"curies":[{"name":"wp","href":"https:\/\/api.w.org\/{rel}","templated":true}]}}